{"id":997,"date":"2021-09-22T14:49:32","date_gmt":"2021-09-22T14:49:32","guid":{"rendered":"http:\/\/wordpress.bonergie.com\/produits\/"},"modified":"2024-01-17T16:34:05","modified_gmt":"2024-01-17T16:34:05","slug":"produits","status":"publish","type":"page","link":"https:\/\/bonergie.com\/fr\/produits\/","title":{"rendered":"Produits"},"content":{"rendered":"\t\t<div data-elementor-type=\"wp-page\" data-elementor-id=\"997\" class=\"elementor elementor-997 elementor-47\">\n\t\t\t\t\t\t<section class=\"elementor-section elementor-top-section elementor-element elementor-element-699b99d elementor-section-boxed elementor-section-height-default elementor-section-height-default\" data-id=\"699b99d\" data-element_type=\"section\">\n\t\t\t\t\t\t<div class=\"elementor-container elementor-column-gap-default\">\n\t\t\t\t\t<div class=\"elementor-column elementor-col-100 elementor-top-column elementor-element elementor-element-7b91222\" data-id=\"7b91222\" data-element_type=\"column\">\n\t\t\t<div class=\"elementor-widget-wrap elementor-element-populated\">\n\t\t\t\t\t\t<div class=\"elementor-element elementor-element-003a4fb elementor-widget elementor-widget-heading\" data-id=\"003a4fb\" data-element_type=\"widget\" data-widget_type=\"heading.default\">\n\t\t\t\t<div class=\"elementor-widget-container\">\n\t\t\t\t\t<h2 class=\"elementor-heading-title elementor-size-default\">Nos produits se divisent en trois cat\u00e9gories<\/h2>\t\t\t\t<\/div>\n\t\t\t\t<\/div>\n\t\t\t\t\t<\/div>\n\t\t<\/div>\n\t\t\t\t\t<\/div>\n\t\t<\/section>\n\t\t\t\t<section class=\"elementor-section elementor-top-section elementor-element elementor-element-8022a74 elementor-section-full_width elementor-section-height-min-height elementor-section-height-default elementor-section-items-middle\" data-id=\"8022a74\" data-element_type=\"section\">\n\t\t\t\t\t\t<div class=\"elementor-container elementor-column-gap-default\">\n\t\t\t\t\t<div class=\"elementor-column elementor-col-33 elementor-top-column elementor-element elementor-element-a54d890\" data-id=\"a54d890\" data-element_type=\"column\">\n\t\t\t<div class=\"elementor-widget-wrap elementor-element-populated\">\n\t\t\t\t\t\t<div class=\"elementor-element elementor-element-1368fbc elementor-position-top elementor-widget elementor-widget-image-box\" data-id=\"1368fbc\" data-element_type=\"widget\" data-widget_type=\"image-box.default\">\n\t\t\t\t<div class=\"elementor-widget-container\">\n\t\t\t\t\t<div class=\"elementor-image-box-wrapper\"><figure class=\"elementor-image-box-img\"><a href=\"https:\/\/bonergie.com\/fr\/produits\/bonergie-irrigation\/\" tabindex=\"-1\"><img fetchpriority=\"high\" decoding=\"async\" width=\"400\" height=\"137\" src=\"https:\/\/bonergie.com\/wp-content\/uploads\/2021\/02\/Logo_Bonergie-Irrigation_s.jpg\" class=\"attachment-medium_large size-medium_large wp-image-482\" alt=\"\" srcset=\"https:\/\/bonergie.com\/wp-content\/uploads\/2021\/02\/Logo_Bonergie-Irrigation_s.jpg 400w, https:\/\/bonergie.com\/wp-content\/uploads\/2021\/02\/Logo_Bonergie-Irrigation_s-300x103.jpg 300w\" sizes=\"(max-width: 400px) 100vw, 400px\" \/><\/a><\/figure><div class=\"elementor-image-box-content\"><h3 class=\"elementor-image-box-title\"><a href=\"https:\/\/bonergie.com\/fr\/produits\/bonergie-irrigation\/\">Bonergie Irrigation<\/a><\/h3><p class=\"elementor-image-box-description\">Pompes \u00e0 eau solaires Syst\u00e8mes d\u2019irrigation<\/p><\/div><\/div>\t\t\t\t<\/div>\n\t\t\t\t<\/div>\n\t\t\t\t\t<\/div>\n\t\t<\/div>\n\t\t\t\t<div class=\"elementor-column elementor-col-33 elementor-top-column elementor-element elementor-element-ee985e2\" data-id=\"ee985e2\" data-element_type=\"column\">\n\t\t\t<div class=\"elementor-widget-wrap elementor-element-populated\">\n\t\t\t\t\t\t<div class=\"elementor-element elementor-element-4d2a2db elementor-position-top elementor-widget elementor-widget-image-box\" data-id=\"4d2a2db\" data-element_type=\"widget\" data-widget_type=\"image-box.default\">\n\t\t\t\t<div class=\"elementor-widget-container\">\n\t\t\t\t\t<div class=\"elementor-image-box-wrapper\"><figure class=\"elementor-image-box-img\"><a href=\"https:\/\/bonergie.com\/fr\/produits\/bonergie-electrification\/\" tabindex=\"-1\"><img decoding=\"async\" width=\"400\" height=\"137\" src=\"https:\/\/bonergie.com\/wp-content\/uploads\/2021\/02\/logo_bonergie_electrification_s.jpg\" class=\"attachment-full size-full wp-image-485\" alt=\"\" srcset=\"https:\/\/bonergie.com\/wp-content\/uploads\/2021\/02\/logo_bonergie_electrification_s.jpg 400w, https:\/\/bonergie.com\/wp-content\/uploads\/2021\/02\/logo_bonergie_electrification_s-300x103.jpg 300w\" sizes=\"(max-width: 400px) 100vw, 400px\" \/><\/a><\/figure><div class=\"elementor-image-box-content\"><h3 class=\"elementor-image-box-title\"><a href=\"https:\/\/bonergie.com\/fr\/produits\/bonergie-electrification\/\">Bonergie Electrification<\/a><\/h3><p class=\"elementor-image-box-description\">Des solutions solaires pour l\u2019\u00e9lectrification des petites et moyennes entreprises et des maisons priv\u00e9es.<\/p><\/div><\/div>\t\t\t\t<\/div>\n\t\t\t\t<\/div>\n\t\t\t\t\t<\/div>\n\t\t<\/div>\n\t\t\t\t<div class=\"elementor-column elementor-col-33 elementor-top-column elementor-element elementor-element-5ca5d28\" data-id=\"5ca5d28\" data-element_type=\"column\">\n\t\t\t<div class=\"elementor-widget-wrap elementor-element-populated\">\n\t\t\t\t\t\t<div class=\"elementor-element elementor-element-a97d55b elementor-position-top elementor-widget elementor-widget-image-box\" data-id=\"a97d55b\" data-element_type=\"widget\" data-widget_type=\"image-box.default\">\n\t\t\t\t<div class=\"elementor-widget-container\">\n\t\t\t\t\t<div class=\"elementor-image-box-wrapper\"><figure class=\"elementor-image-box-img\"><a href=\"https:\/\/bonergie.com\/fr\/produits\/bonergie-solaire\/\" tabindex=\"-1\"><img decoding=\"async\" width=\"395\" height=\"194\" src=\"https:\/\/bonergie.com\/wp-content\/uploads\/2021\/02\/logo_bonergie_solaire_s.jpg\" class=\"attachment-full size-full wp-image-489\" alt=\"\" srcset=\"https:\/\/bonergie.com\/wp-content\/uploads\/2021\/02\/logo_bonergie_solaire_s.jpg 395w, https:\/\/bonergie.com\/wp-content\/uploads\/2021\/02\/logo_bonergie_solaire_s-300x147.jpg 300w\" sizes=\"(max-width: 395px) 100vw, 395px\" \/><\/a><\/figure><div class=\"elementor-image-box-content\"><h3 class=\"elementor-image-box-title\"><a href=\"https:\/\/bonergie.com\/fr\/produits\/bonergie-solaire\/\">Bonergie Solaire<\/a><\/h3><p class=\"elementor-image-box-description\">Distribution de produits solaires de haute qualit\u00e9<\/p><\/div><\/div>\t\t\t\t<\/div>\n\t\t\t\t<\/div>\n\t\t\t\t\t<\/div>\n\t\t<\/div>\n\t\t\t\t\t<\/div>\n\t\t<\/section>\n\t\t\t\t<\/div>\n\t\t","protected":false},"excerpt":{"rendered":"<p>Nos produits se divisent en trois cat\u00e9gories Bonergie Irrigation Pompes \u00e0 eau solaires Syst\u00e8mes d\u2019irrigation Bonergie Electrification Des solutions solaires pour l\u2019\u00e9lectrification des petites et moyennes entreprises et des maisons priv\u00e9es. Bonergie Solaire Distribution de produits solaires de haute qualit\u00e9<\/p>\n","protected":false},"author":1,"featured_media":0,"parent":0,"menu_order":0,"comment_status":"closed","ping_status":"closed","template":"elementor_header_footer","meta":{"footnotes":""},"class_list":["post-997","page","type-page","status-publish","hentry"],"_links":{"self":[{"href":"https:\/\/bonergie.com\/fr\/wp-json\/wp\/v2\/pages\/997","targetHints":{"allow":["GET"]}}],"collection":[{"href":"https:\/\/bonergie.com\/fr\/wp-json\/wp\/v2\/pages"}],"about":[{"href":"https:\/\/bonergie.com\/fr\/wp-json\/wp\/v2\/types\/page"}],"author":[{"embeddable":true,"href":"https:\/\/bonergie.com\/fr\/wp-json\/wp\/v2\/users\/1"}],"replies":[{"embeddable":true,"href":"https:\/\/bonergie.com\/fr\/wp-json\/wp\/v2\/comments?post=997"}],"version-history":[{"count":4,"href":"https:\/\/bonergie.com\/fr\/wp-json\/wp\/v2\/pages\/997\/revisions"}],"predecessor-version":[{"id":1422,"href":"https:\/\/bonergie.com\/fr\/wp-json\/wp\/v2\/pages\/997\/revisions\/1422"}],"wp:attachment":[{"href":"https:\/\/bonergie.com\/fr\/wp-json\/wp\/v2\/media?parent=997"}],"curies":[{"name":"wp","href":"https:\/\/api.w.org\/{rel}","templated":true}]}}