{"id":330,"date":"2018-09-26T11:49:43","date_gmt":"2018-09-26T11:49:43","guid":{"rendered":"http:\/\/wordpress.bonergie.com\/?page_id=330"},"modified":"2021-09-23T15:48:40","modified_gmt":"2021-09-23T15:48:40","slug":"qui-sommes-nous","status":"publish","type":"page","link":"https:\/\/bonergie.com\/fr\/bonergie\/qui-sommes-nous\/","title":{"rendered":"Notre strat\u00e9gie"},"content":{"rendered":"\t\t<div data-elementor-type=\"wp-page\" data-elementor-id=\"330\" class=\"elementor elementor-330 elementor-135\">\n\t\t\t\t\t\t<section class=\"elementor-section elementor-top-section elementor-element elementor-element-15a8eab6 elementor-section-boxed elementor-section-height-default elementor-section-height-default\" data-id=\"15a8eab6\" data-element_type=\"section\">\n\t\t\t\t\t\t<div class=\"elementor-container elementor-column-gap-default\">\n\t\t\t\t\t<div class=\"elementor-column elementor-col-100 elementor-top-column elementor-element elementor-element-40e60ef3\" data-id=\"40e60ef3\" data-element_type=\"column\">\n\t\t\t<div class=\"elementor-widget-wrap elementor-element-populated\">\n\t\t\t\t\t\t<div class=\"elementor-element elementor-element-92e831b elementor-widget elementor-widget-heading\" data-id=\"92e831b\" data-element_type=\"widget\" data-widget_type=\"heading.default\">\n\t\t\t\t<div class=\"elementor-widget-container\">\n\t\t\t\t\t<h2 class=\"elementor-heading-title elementor-size-default\">Notre Strat\u00e9gie<\/h2>\t\t\t\t<\/div>\n\t\t\t\t<\/div>\n\t\t\t\t<div class=\"elementor-element elementor-element-576db0ac elementor-widget elementor-widget-text-editor\" data-id=\"576db0ac\" data-element_type=\"widget\" data-widget_type=\"text-editor.default\">\n\t\t\t\t<div class=\"elementor-widget-container\">\n\t\t\t\t\t\t\t\t\t<p>Bonergie soutient principalement les petites et moyennes entreprises, en mettant l&rsquo;accent sur l&rsquo;agriculture, qui peut \u00eatre plus efficace et surtout plus rentable gr\u00e2ce \u00e0 l&rsquo;utilisation de l&rsquo;\u00e9nergie solaire. Nos clients remplacent les \u00e9nergies fossiles tr\u00e8s co\u00fbteuses et nuisibles \u00e0 l&rsquo;environnement (comme les g\u00e9n\u00e9rateurs diesel ou les pompes diesel) par des solutions solaires propres et n&rsquo;ont plus de d\u00e9penses \u00e9nerg\u00e9tiques apr\u00e8s avoir rembours\u00e9 les frais d&rsquo;achat. Ils peuvent d\u00e9sormais investir leurs revenus dans leur croissance.<\/p><p>\u00a0<\/p><p>Bonergie se concentre exclusivement sur la haute qualit\u00e9 et propose les solutions solaires avec un plan de paiement. Nos clients g\u00e9n\u00e8rent d\u00e9j\u00e0 des revenus, mais il est g\u00e9n\u00e9ralement difficile d&rsquo;investir dans une solution solaire en l&rsquo;achetant au comptant. Un paiement progressif, par exemple apr\u00e8s des r\u00e9coltes r\u00e9ussies, permet d&rsquo;investir dans des solutions durables et \u00e0 long terme.<\/p><p>\u00a0<\/p><p>Bonergie a construit un \u00e9cosyst\u00e8me largement connect\u00e9 avec des partenaires d&rsquo;int\u00e9gration qui aident les clients \u00e0 construire et \u00e0 g\u00e9rer leurs entreprises.<\/p>\t\t\t\t\t\t\t\t<\/div>\n\t\t\t\t<\/div>\n\t\t\t\t\t<\/div>\n\t\t<\/div>\n\t\t\t\t\t<\/div>\n\t\t<\/section>\n\t\t\t\t<\/div>\n\t\t","protected":false},"excerpt":{"rendered":"<p>Notre Strat\u00e9gie Bonergie soutient principalement les petites et moyennes entreprises, en mettant l&rsquo;accent sur l&rsquo;agriculture, qui peut \u00eatre plus efficace et surtout plus rentable gr\u00e2ce \u00e0 l&rsquo;utilisation de l&rsquo;\u00e9nergie solaire. Nos clients remplacent les \u00e9nergies fossiles tr\u00e8s co\u00fbteuses et nuisibles<\/p>\n","protected":false},"author":1,"featured_media":229,"parent":1002,"menu_order":0,"comment_status":"closed","ping_status":"closed","template":"","meta":{"footnotes":""},"class_list":["post-330","page","type-page","status-publish","has-post-thumbnail","hentry"],"_links":{"self":[{"href":"https:\/\/bonergie.com\/fr\/wp-json\/wp\/v2\/pages\/330","targetHints":{"allow":["GET"]}}],"collection":[{"href":"https:\/\/bonergie.com\/fr\/wp-json\/wp\/v2\/pages"}],"about":[{"href":"https:\/\/bonergie.com\/fr\/wp-json\/wp\/v2\/types\/page"}],"author":[{"embeddable":true,"href":"https:\/\/bonergie.com\/fr\/wp-json\/wp\/v2\/users\/1"}],"replies":[{"embeddable":true,"href":"https:\/\/bonergie.com\/fr\/wp-json\/wp\/v2\/comments?post=330"}],"version-history":[{"count":23,"href":"https:\/\/bonergie.com\/fr\/wp-json\/wp\/v2\/pages\/330\/revisions"}],"predecessor-version":[{"id":1185,"href":"https:\/\/bonergie.com\/fr\/wp-json\/wp\/v2\/pages\/330\/revisions\/1185"}],"up":[{"embeddable":true,"href":"https:\/\/bonergie.com\/fr\/wp-json\/wp\/v2\/pages\/1002"}],"wp:featuredmedia":[{"embeddable":true,"href":"https:\/\/bonergie.com\/fr\/wp-json\/wp\/v2\/media\/229"}],"wp:attachment":[{"href":"https:\/\/bonergie.com\/fr\/wp-json\/wp\/v2\/media?parent=330"}],"curies":[{"name":"wp","href":"https:\/\/api.w.org\/{rel}","templated":true}]}}