{"id":328,"date":"2018-09-26T11:48:22","date_gmt":"2018-09-26T11:48:22","guid":{"rendered":"http:\/\/wordpress.bonergie.com\/?page_id=328"},"modified":"2021-09-23T15:50:46","modified_gmt":"2021-09-23T15:50:46","slug":"concept","status":"publish","type":"page","link":"https:\/\/bonergie.com\/fr\/bonergie\/concept\/","title":{"rendered":"Qui sommes-nous?"},"content":{"rendered":"\t\t<div data-elementor-type=\"wp-page\" data-elementor-id=\"328\" class=\"elementor elementor-328 elementor-24\">\n\t\t\t\t\t\t<section class=\"elementor-section elementor-top-section elementor-element elementor-element-3721e12d elementor-section-boxed elementor-section-height-default elementor-section-height-default\" data-id=\"3721e12d\" data-element_type=\"section\">\n\t\t\t\t\t\t<div class=\"elementor-container elementor-column-gap-default\">\n\t\t\t\t\t<div class=\"elementor-column elementor-col-100 elementor-top-column elementor-element elementor-element-57b963a4\" data-id=\"57b963a4\" data-element_type=\"column\">\n\t\t\t<div class=\"elementor-widget-wrap elementor-element-populated\">\n\t\t\t\t\t\t<div class=\"elementor-element elementor-element-787a7f9 elementor-widget elementor-widget-heading\" data-id=\"787a7f9\" data-element_type=\"widget\" data-widget_type=\"heading.default\">\n\t\t\t\t<div class=\"elementor-widget-container\">\n\t\t\t\t\t<h2 class=\"elementor-heading-title elementor-size-default\">L'entreprise<\/h2>\t\t\t\t<\/div>\n\t\t\t\t<\/div>\n\t\t\t\t<div class=\"elementor-element elementor-element-2b2d9e2f elementor-widget elementor-widget-text-editor\" data-id=\"2b2d9e2f\" data-element_type=\"widget\" data-widget_type=\"text-editor.default\">\n\t\t\t\t<div class=\"elementor-widget-container\">\n\t\t\t\t\t\t\t\t\t<p>Bonergie est une entreprise solaire au S\u00e9n\u00e9gal. Nous proposons \u00e0 nos clients des produits solaires adapt\u00e9s \u00e0 une utilisation productive et contribuant ainsi \u00e0 g\u00e9n\u00e9rer des revenus.<\/p><p>\u00a0<\/p><p>L&rsquo;entreprise existe depuis 2010 et est dirig\u00e9e par la fondatrice Gabriele Schwarz (CEO) et Maguette Thiandoume, directrice Bonergie S\u00e9n\u00e9gal.<\/p><p>\u00a0<\/p><p>Bonergie dispose de cinq bureaux r\u00e9gionaux au S\u00e9n\u00e9gal, avec son si\u00e8ge \u00e0 Dakar et des bureaux \u00e0 Louga, Tambacounda et Ziguinchor. La proximit\u00e9 de nos clients est essentielle \u00e0 notre r\u00e9ussite.<\/p>\t\t\t\t\t\t\t\t<\/div>\n\t\t\t\t<\/div>\n\t\t\t\t\t<\/div>\n\t\t<\/div>\n\t\t\t\t\t<\/div>\n\t\t<\/section>\n\t\t\t\t<\/div>\n\t\t","protected":false},"excerpt":{"rendered":"<p>L&rsquo;entreprise Bonergie est une entreprise solaire au S\u00e9n\u00e9gal. Nous proposons \u00e0 nos clients des produits solaires adapt\u00e9s \u00e0 une utilisation productive et contribuant ainsi \u00e0 g\u00e9n\u00e9rer des revenus. \u00a0 L&rsquo;entreprise existe depuis 2010 et est dirig\u00e9e par la fondatrice Gabriele<\/p>\n","protected":false},"author":1,"featured_media":229,"parent":1002,"menu_order":1,"comment_status":"closed","ping_status":"closed","template":"","meta":{"footnotes":""},"class_list":["post-328","page","type-page","status-publish","has-post-thumbnail","hentry"],"_links":{"self":[{"href":"https:\/\/bonergie.com\/fr\/wp-json\/wp\/v2\/pages\/328","targetHints":{"allow":["GET"]}}],"collection":[{"href":"https:\/\/bonergie.com\/fr\/wp-json\/wp\/v2\/pages"}],"about":[{"href":"https:\/\/bonergie.com\/fr\/wp-json\/wp\/v2\/types\/page"}],"author":[{"embeddable":true,"href":"https:\/\/bonergie.com\/fr\/wp-json\/wp\/v2\/users\/1"}],"replies":[{"embeddable":true,"href":"https:\/\/bonergie.com\/fr\/wp-json\/wp\/v2\/comments?post=328"}],"version-history":[{"count":14,"href":"https:\/\/bonergie.com\/fr\/wp-json\/wp\/v2\/pages\/328\/revisions"}],"predecessor-version":[{"id":1191,"href":"https:\/\/bonergie.com\/fr\/wp-json\/wp\/v2\/pages\/328\/revisions\/1191"}],"up":[{"embeddable":true,"href":"https:\/\/bonergie.com\/fr\/wp-json\/wp\/v2\/pages\/1002"}],"wp:featuredmedia":[{"embeddable":true,"href":"https:\/\/bonergie.com\/fr\/wp-json\/wp\/v2\/media\/229"}],"wp:attachment":[{"href":"https:\/\/bonergie.com\/fr\/wp-json\/wp\/v2\/media?parent=328"}],"curies":[{"name":"wp","href":"https:\/\/api.w.org\/{rel}","templated":true}]}}