{"id":326,"date":"2018-09-26T11:42:25","date_gmt":"2018-09-26T11:42:25","guid":{"rendered":"http:\/\/wordpress.bonergie.com\/?page_id=326"},"modified":"2021-09-23T15:50:21","modified_gmt":"2021-09-23T15:50:21","slug":"conseil-et-installation","status":"publish","type":"page","link":"https:\/\/bonergie.com\/fr\/bonergie\/conseil-et-installation\/","title":{"rendered":"Conseil et installation"},"content":{"rendered":"\t\t<div data-elementor-type=\"wp-page\" data-elementor-id=\"326\" class=\"elementor elementor-326 elementor-30\">\n\t\t\t\t\t\t<section class=\"elementor-section elementor-top-section elementor-element elementor-element-e79d2d2 elementor-section-boxed elementor-section-height-default elementor-section-height-default\" data-id=\"e79d2d2\" data-element_type=\"section\">\n\t\t\t\t\t\t<div class=\"elementor-container elementor-column-gap-default\">\n\t\t\t\t\t<div class=\"elementor-column elementor-col-100 elementor-top-column elementor-element elementor-element-5c40851c\" data-id=\"5c40851c\" data-element_type=\"column\">\n\t\t\t<div class=\"elementor-widget-wrap elementor-element-populated\">\n\t\t\t\t\t\t<div class=\"elementor-element elementor-element-d37e4d2 elementor-widget elementor-widget-heading\" data-id=\"d37e4d2\" data-element_type=\"widget\" data-widget_type=\"heading.default\">\n\t\t\t\t<div class=\"elementor-widget-container\">\n\t\t\t\t\t<h2 class=\"elementor-heading-title elementor-size-default\">Conseil et Installation<\/h2>\t\t\t\t<\/div>\n\t\t\t\t<\/div>\n\t\t\t\t<div class=\"elementor-element elementor-element-2018473f elementor-widget elementor-widget-text-editor\" data-id=\"2018473f\" data-element_type=\"widget\" data-widget_type=\"text-editor.default\">\n\t\t\t\t<div class=\"elementor-widget-container\">\n\t\t\t\t\t\t\t\t\t<p>Notre \u00e9quipe de vente qualifi\u00e9e offre des conseils avis\u00e9s et personnalis\u00e9s sur tous les aspects de l&rsquo;\u00e9nergie solaire et de l&rsquo;efficacit\u00e9 \u00e9nerg\u00e9tique. En collaboration avec le client, le produit appropri\u00e9 est s\u00e9lectionn\u00e9 et les conditions pr\u00e9alables \u00e0 une installation optimale sont discut\u00e9es.<\/p><p>Directement sur place, nos \u00e9quipes techniques certifi\u00e9es assurent une installation parfaite. Les clients sont form\u00e9s \u00e0 l&rsquo;utilisation de leur installation solaire. Les d\u00e9fauts sont corrig\u00e9s imm\u00e9diatement et les contrats de maintenance assurent une longue dur\u00e9e de vie aux syst\u00e8mes.<\/p>\t\t\t\t\t\t\t\t<\/div>\n\t\t\t\t<\/div>\n\t\t\t\t\t<\/div>\n\t\t<\/div>\n\t\t\t\t\t<\/div>\n\t\t<\/section>\n\t\t\t\t<\/div>\n\t\t","protected":false},"excerpt":{"rendered":"<p>Conseil et Installation Notre \u00e9quipe de vente qualifi\u00e9e offre des conseils avis\u00e9s et personnalis\u00e9s sur tous les aspects de l&rsquo;\u00e9nergie solaire et de l&rsquo;efficacit\u00e9 \u00e9nerg\u00e9tique. En collaboration avec le client, le produit appropri\u00e9 est s\u00e9lectionn\u00e9 et les conditions pr\u00e9alables \u00e0<\/p>\n","protected":false},"author":1,"featured_media":231,"parent":1002,"menu_order":0,"comment_status":"closed","ping_status":"closed","template":"","meta":{"footnotes":""},"class_list":["post-326","page","type-page","status-publish","has-post-thumbnail","hentry"],"_links":{"self":[{"href":"https:\/\/bonergie.com\/fr\/wp-json\/wp\/v2\/pages\/326","targetHints":{"allow":["GET"]}}],"collection":[{"href":"https:\/\/bonergie.com\/fr\/wp-json\/wp\/v2\/pages"}],"about":[{"href":"https:\/\/bonergie.com\/fr\/wp-json\/wp\/v2\/types\/page"}],"author":[{"embeddable":true,"href":"https:\/\/bonergie.com\/fr\/wp-json\/wp\/v2\/users\/1"}],"replies":[{"embeddable":true,"href":"https:\/\/bonergie.com\/fr\/wp-json\/wp\/v2\/comments?post=326"}],"version-history":[{"count":7,"href":"https:\/\/bonergie.com\/fr\/wp-json\/wp\/v2\/pages\/326\/revisions"}],"predecessor-version":[{"id":1188,"href":"https:\/\/bonergie.com\/fr\/wp-json\/wp\/v2\/pages\/326\/revisions\/1188"}],"up":[{"embeddable":true,"href":"https:\/\/bonergie.com\/fr\/wp-json\/wp\/v2\/pages\/1002"}],"wp:featuredmedia":[{"embeddable":true,"href":"https:\/\/bonergie.com\/fr\/wp-json\/wp\/v2\/media\/231"}],"wp:attachment":[{"href":"https:\/\/bonergie.com\/fr\/wp-json\/wp\/v2\/media?parent=326"}],"curies":[{"name":"wp","href":"https:\/\/api.w.org\/{rel}","templated":true}]}}