{"id":1025,"date":"2021-09-23T07:42:42","date_gmt":"2021-09-23T07:42:42","guid":{"rendered":"http:\/\/wordpress.bonergie.com\/produits\/bonergie-solaire\/"},"modified":"2021-10-04T16:28:49","modified_gmt":"2021-10-04T16:28:49","slug":"bonergie-solaire","status":"publish","type":"page","link":"https:\/\/bonergie.com\/fr\/produits\/bonergie-solaire\/","title":{"rendered":"Bonergie Solaire"},"content":{"rendered":"\t\t<div data-elementor-type=\"wp-page\" data-elementor-id=\"1025\" class=\"elementor elementor-1025 elementor-474\">\n\t\t\t\t\t\t<section class=\"elementor-section elementor-top-section elementor-element elementor-element-793fb9d elementor-section-full_width elementor-section-height-default elementor-section-height-default\" data-id=\"793fb9d\" data-element_type=\"section\">\n\t\t\t\t\t\t<div class=\"elementor-container elementor-column-gap-default\">\n\t\t\t\t\t<div class=\"elementor-column elementor-col-33 elementor-top-column elementor-element elementor-element-a09d493\" data-id=\"a09d493\" data-element_type=\"column\">\n\t\t\t<div class=\"elementor-widget-wrap elementor-element-populated\">\n\t\t\t\t\t\t<div class=\"elementor-element elementor-element-317e9b5 elementor-widget elementor-widget-image\" data-id=\"317e9b5\" data-element_type=\"widget\" data-widget_type=\"image.default\">\n\t\t\t\t<div class=\"elementor-widget-container\">\n\t\t\t\t\t\t\t\t\t\t\t\t\t\t\t<img fetchpriority=\"high\" decoding=\"async\" width=\"395\" height=\"194\" src=\"https:\/\/bonergie.com\/wp-content\/uploads\/2021\/02\/logo_bonergie_solaire_s.jpg\" class=\"attachment-large size-large wp-image-489\" alt=\"\" srcset=\"https:\/\/bonergie.com\/wp-content\/uploads\/2021\/02\/logo_bonergie_solaire_s.jpg 395w, https:\/\/bonergie.com\/wp-content\/uploads\/2021\/02\/logo_bonergie_solaire_s-300x147.jpg 300w\" sizes=\"(max-width: 395px) 100vw, 395px\" \/>\t\t\t\t\t\t\t\t\t\t\t\t\t\t\t<\/div>\n\t\t\t\t<\/div>\n\t\t\t\t\t<\/div>\n\t\t<\/div>\n\t\t\t\t<div class=\"elementor-column elementor-col-66 elementor-top-column elementor-element elementor-element-33c863e\" data-id=\"33c863e\" data-element_type=\"column\">\n\t\t\t<div class=\"elementor-widget-wrap elementor-element-populated\">\n\t\t\t\t\t\t<div class=\"elementor-element elementor-element-856b9e3 elementor-widget elementor-widget-text-editor\" data-id=\"856b9e3\" data-element_type=\"widget\" data-widget_type=\"text-editor.default\">\n\t\t\t\t<div class=\"elementor-widget-container\">\n\t\t\t\t\t\t\t\t\t<h4>Distribution de produits solaires de haute qualit\u00e9 <\/h4>\n\t\t\t\t\t\t\t\t<\/div>\n\t\t\t\t<\/div>\n\t\t\t\t\t<\/div>\n\t\t<\/div>\n\t\t\t\t\t<\/div>\n\t\t<\/section>\n\t\t\t\t<section class=\"elementor-section elementor-top-section elementor-element elementor-element-d366d78 elementor-section-boxed elementor-section-height-default elementor-section-height-default\" data-id=\"d366d78\" data-element_type=\"section\">\n\t\t\t\t\t\t<div class=\"elementor-container elementor-column-gap-default\">\n\t\t\t\t\t<div class=\"elementor-column elementor-col-100 elementor-top-column elementor-element elementor-element-4579459\" data-id=\"4579459\" data-element_type=\"column\">\n\t\t\t<div class=\"elementor-widget-wrap elementor-element-populated\">\n\t\t\t\t\t\t<div class=\"elementor-element elementor-element-34eb770 elementor-widget-divider--view-line elementor-widget elementor-widget-divider\" data-id=\"34eb770\" data-element_type=\"widget\" data-widget_type=\"divider.default\">\n\t\t\t\t<div class=\"elementor-widget-container\">\n\t\t\t\t\t\t\t<div class=\"elementor-divider\">\n\t\t\t<span class=\"elementor-divider-separator\">\n\t\t\t\t\t\t<\/span>\n\t\t<\/div>\n\t\t\t\t\t\t<\/div>\n\t\t\t\t<\/div>\n\t\t\t\t\t<\/div>\n\t\t<\/div>\n\t\t\t\t\t<\/div>\n\t\t<\/section>\n\t\t\t\t<section class=\"elementor-section elementor-top-section elementor-element elementor-element-0481a0a elementor-section-full_width elementor-section-height-default elementor-section-height-default\" data-id=\"0481a0a\" data-element_type=\"section\">\n\t\t\t\t\t\t<div class=\"elementor-container elementor-column-gap-default\">\n\t\t\t\t\t<div class=\"elementor-column elementor-col-33 elementor-top-column elementor-element elementor-element-66a35d5\" data-id=\"66a35d5\" data-element_type=\"column\">\n\t\t\t<div class=\"elementor-widget-wrap elementor-element-populated\">\n\t\t\t\t\t\t<div class=\"elementor-element elementor-element-d2ff1b3 elementor-widget elementor-widget-image\" data-id=\"d2ff1b3\" data-element_type=\"widget\" data-widget_type=\"image.default\">\n\t\t\t\t<div class=\"elementor-widget-container\">\n\t\t\t\t\t\t\t\t\t\t\t\t\t\t\t<img decoding=\"async\" width=\"400\" height=\"224\" src=\"https:\/\/bonergie.com\/wp-content\/uploads\/2021\/09\/JinKo-Logo-1.jpg\" class=\"attachment-large size-large wp-image-747\" alt=\"\" srcset=\"https:\/\/bonergie.com\/wp-content\/uploads\/2021\/09\/JinKo-Logo-1.jpg 400w, https:\/\/bonergie.com\/wp-content\/uploads\/2021\/09\/JinKo-Logo-1-300x168.jpg 300w\" sizes=\"(max-width: 400px) 100vw, 400px\" \/>\t\t\t\t\t\t\t\t\t\t\t\t\t\t\t<\/div>\n\t\t\t\t<\/div>\n\t\t\t\t\t<\/div>\n\t\t<\/div>\n\t\t\t\t<div class=\"elementor-column elementor-col-66 elementor-top-column elementor-element elementor-element-3fa3710\" data-id=\"3fa3710\" data-element_type=\"column\">\n\t\t\t<div class=\"elementor-widget-wrap elementor-element-populated\">\n\t\t\t\t\t\t<div class=\"elementor-element elementor-element-ae589e4 elementor-widget elementor-widget-text-editor\" data-id=\"ae589e4\" data-element_type=\"widget\" data-widget_type=\"text-editor.default\">\n\t\t\t\t<div class=\"elementor-widget-container\">\n\t\t\t\t\t\t\t\t\t<p>Bonergie Solaire est sp\u00e9cialis\u00e9 dans la distribution de produits solaires de haute qualit\u00e9. Heureusement, l&rsquo;\u00e9nergie solaire au S\u00e9n\u00e9gal se d\u00e9veloppe tr\u00e8s bien, mais non seulement Bonergie mais aussi nos partenaires ont des probl\u00e8mes pour acheter des produits solaires de haute qualit\u00e9 \u00e0 un bon prix localement au S\u00e9n\u00e9gal pour les commandes et les installations gagn\u00e9es.<\/p>\n<p>\u00a0<\/p>\n<p>Bonergie propose d\u00e9sormais ces produits pour le march\u00e9 local. Nous commen\u00e7ons par les panneaux solaires de haute qualit\u00e9 de la marque JinKo. De nombreux autres produits, tels que les batteries et l&rsquo;\u00e9lectronique, suivront.<\/p>\n<p>Actuellement, nous pouvons offrir :<\/p>\n<p>Cheetah HC 72 M 390-410 Watt \u2013 Mono Perc Half Cell Module<\/p>\n<p>Cheetah HC 72 M 380-400 Watt \u2013 Mono Perc Half Cell Module<\/p>\n<p><a href=\"http:\/\/www.jinkosolar.com\" target=\"_blank\" rel=\"noopener\">www.jinkosolar.com<\/a><\/p>\n<p>Vous pouvez t\u00e9l\u00e9charger ici les d\u00e9tails techniques des panneaux JinKo.<\/p>\n<p><a href=\"https:\/\/wordpress.bonergie.com\/wp-content\/uploads\/2021\/10\/CheetahPerc-JKM370-390M-72.pdf\" target=\"_blank\" rel=\"noopener\">CheetahPerc-JKM370-390M-72<\/a><\/p>\n<p><a href=\"https:\/\/wordpress.bonergie.com\/wp-content\/uploads\/2021\/10\/CheetahPerc-JKM390-410M-72H.pdf\" target=\"_blank\" rel=\"noopener\">CheetahPerc-JKM390-410M-72H<\/a><\/p>\n<p>Pour toute demande n&rsquo;h\u00e9sitez pas \u00e0 nous contacter. Vous pouvez trouver les informations de contact ici : Contact <a href=\"http:\/\/wordpress.bonergie.com\/fr\/contact\/\"><u>contact<\/u><\/a><\/p>\n\t\t\t\t\t\t\t\t<\/div>\n\t\t\t\t<\/div>\n\t\t\t\t\t<\/div>\n\t\t<\/div>\n\t\t\t\t\t<\/div>\n\t\t<\/section>\n\t\t\t\t<\/div>\n\t\t","protected":false},"excerpt":{"rendered":"<p>Distribution de produits solaires de haute qualit\u00e9 Bonergie Solaire est sp\u00e9cialis\u00e9 dans la distribution de produits solaires de haute qualit\u00e9. Heureusement, l&rsquo;\u00e9nergie solaire au S\u00e9n\u00e9gal se d\u00e9veloppe tr\u00e8s bien, mais non seulement Bonergie mais aussi nos partenaires ont des probl\u00e8mes<\/p>\n","protected":false},"author":1,"featured_media":489,"parent":997,"menu_order":0,"comment_status":"closed","ping_status":"closed","template":"elementor_header_footer","meta":{"footnotes":""},"class_list":["post-1025","page","type-page","status-publish","has-post-thumbnail","hentry"],"_links":{"self":[{"href":"https:\/\/bonergie.com\/fr\/wp-json\/wp\/v2\/pages\/1025","targetHints":{"allow":["GET"]}}],"collection":[{"href":"https:\/\/bonergie.com\/fr\/wp-json\/wp\/v2\/pages"}],"about":[{"href":"https:\/\/bonergie.com\/fr\/wp-json\/wp\/v2\/types\/page"}],"author":[{"embeddable":true,"href":"https:\/\/bonergie.com\/fr\/wp-json\/wp\/v2\/users\/1"}],"replies":[{"embeddable":true,"href":"https:\/\/bonergie.com\/fr\/wp-json\/wp\/v2\/comments?post=1025"}],"version-history":[{"count":3,"href":"https:\/\/bonergie.com\/fr\/wp-json\/wp\/v2\/pages\/1025\/revisions"}],"predecessor-version":[{"id":1234,"href":"https:\/\/bonergie.com\/fr\/wp-json\/wp\/v2\/pages\/1025\/revisions\/1234"}],"up":[{"embeddable":true,"href":"https:\/\/bonergie.com\/fr\/wp-json\/wp\/v2\/pages\/997"}],"wp:featuredmedia":[{"embeddable":true,"href":"https:\/\/bonergie.com\/fr\/wp-json\/wp\/v2\/media\/489"}],"wp:attachment":[{"href":"https:\/\/bonergie.com\/fr\/wp-json\/wp\/v2\/media?parent=1025"}],"curies":[{"name":"wp","href":"https:\/\/api.w.org\/{rel}","templated":true}]}}