{"id":1002,"date":"2021-09-22T14:57:36","date_gmt":"2021-09-22T14:57:36","guid":{"rendered":"http:\/\/wordpress.bonergie.com\/bonergie\/"},"modified":"2021-09-23T14:39:07","modified_gmt":"2021-09-23T14:39:07","slug":"bonergie","status":"publish","type":"page","link":"https:\/\/bonergie.com\/fr\/bonergie\/","title":{"rendered":"Bonergie"},"content":{"rendered":"\t\t<div data-elementor-type=\"wp-page\" data-elementor-id=\"1002\" class=\"elementor elementor-1002 elementor-576\">\n\t\t\t\t\t\t<section class=\"elementor-section elementor-top-section elementor-element elementor-element-3effa6d elementor-section-full_width elementor-section-height-default elementor-section-height-default\" data-id=\"3effa6d\" data-element_type=\"section\">\n\t\t\t\t\t\t<div class=\"elementor-container elementor-column-gap-default\">\n\t\t\t\t\t<div class=\"elementor-column elementor-col-100 elementor-top-column elementor-element elementor-element-fd8179a\" data-id=\"fd8179a\" data-element_type=\"column\">\n\t\t\t<div class=\"elementor-widget-wrap elementor-element-populated\">\n\t\t\t\t\t\t<div class=\"elementor-element elementor-element-4cb26c9 elementor-widget elementor-widget-heading\" data-id=\"4cb26c9\" data-element_type=\"widget\" data-widget_type=\"heading.default\">\n\t\t\t\t<div class=\"elementor-widget-container\">\n\t\t\t\t\t<h2 class=\"elementor-heading-title elementor-size-default\">Qui sommes nous?<\/h2>\t\t\t\t<\/div>\n\t\t\t\t<\/div>\n\t\t\t\t<div class=\"elementor-element elementor-element-e296524 elementor-widget elementor-widget-text-editor\" data-id=\"e296524\" data-element_type=\"widget\" data-widget_type=\"text-editor.default\">\n\t\t\t\t<div class=\"elementor-widget-container\">\n\t\t\t\t\t\t\t\t\t<div class=\"entry-content\">\n<p>Bonergie est une entreprise solaire au S\u00e9n\u00e9gal. Nous proposons \u00e0 nos clients des produits solaires adapt\u00e9s \u00e0 une utilisation productive et contribuant ainsi \u00e0 g\u00e9n\u00e9rer des revenus.<\/p>\n<p>L&rsquo;entreprise existe depuis 2010 et est dirig\u00e9e par la fondatrice Gabriele Schwarz (CEO) et Maguette Thiandoume, directrice Bonergie S\u00e9n\u00e9gal.<\/p>\n<p>Bonergie dispose de cinq bureaux r\u00e9gionaux au S\u00e9n\u00e9gal, avec son si\u00e8ge \u00e0 Dakar et des bureaux \u00e0 Louga, Tambacounda et Ziguinchor. La proximit\u00e9 de nos clients est essentielle \u00e0 notre r\u00e9ussite.<\/p>\n<\/div>\n\t\t\t\t\t\t\t\t<\/div>\n\t\t\t\t<\/div>\n\t\t\t\t<div class=\"elementor-element elementor-element-52016d6 elementor-widget elementor-widget-heading\" data-id=\"52016d6\" data-element_type=\"widget\" data-widget_type=\"heading.default\">\n\t\t\t\t<div class=\"elementor-widget-container\">\n\t\t\t\t\t<h2 class=\"elementor-heading-title elementor-size-default\">Notre strat\u00e9gie<\/h2>\t\t\t\t<\/div>\n\t\t\t\t<\/div>\n\t\t\t\t<div class=\"elementor-element elementor-element-1539796 elementor-widget elementor-widget-text-editor\" data-id=\"1539796\" data-element_type=\"widget\" data-widget_type=\"text-editor.default\">\n\t\t\t\t<div class=\"elementor-widget-container\">\n\t\t\t\t\t\t\t\t\t<div class=\"entry-content\">\n<div>\n<p>Bonergie soutient principalement les petites et moyennes entreprises, en mettant l&rsquo;accent sur l&rsquo;agriculture, qui peut \u00eatre plus efficace et surtout plus rentable gr\u00e2ce \u00e0 l&rsquo;utilisation de l&rsquo;\u00e9nergie solaire. Nos clients remplacent les \u00e9nergies fossiles tr\u00e8s co\u00fbteuses et nuisibles \u00e0 l&rsquo;environnement (comme les g\u00e9n\u00e9rateurs diesel ou les pompes diesel) par des solutions solaires propres et n&rsquo;ont plus de d\u00e9penses \u00e9nerg\u00e9tiques apr\u00e8s avoir rembours\u00e9 les frais d&rsquo;achat. Ils peuvent d\u00e9sormais investir leurs revenus dans leur croissance.<\/p>\n<p>Bonergie se concentre exclusivement sur la haute qualit\u00e9 et propose les solutions solaires avec un plan de paiement. Nos clients g\u00e9n\u00e8rent d\u00e9j\u00e0 des revenus, mais il est g\u00e9n\u00e9ralement difficile d&rsquo;investir dans une solution solaire en l&rsquo;achetant au comptant. Un paiement progressif, par exemple apr\u00e8s des r\u00e9coltes r\u00e9ussies, permet d&rsquo;investir dans des solutions durables et \u00e0 long terme.<\/p>\n<p>Bonergie a construit un \u00e9cosyst\u00e8me largement connect\u00e9 avec des partenaires d&rsquo;int\u00e9gration qui aident les clients \u00e0 construire et \u00e0 g\u00e9rer leurs entreprises.<\/p>\n<\/div>\n<\/div>\n\t\t\t\t\t\t\t\t<\/div>\n\t\t\t\t<\/div>\n\t\t\t\t<div class=\"elementor-element elementor-element-8a421e8 elementor-widget elementor-widget-heading\" data-id=\"8a421e8\" data-element_type=\"widget\" data-widget_type=\"heading.default\">\n\t\t\t\t<div class=\"elementor-widget-container\">\n\t\t\t\t\t<h2 class=\"elementor-heading-title elementor-size-default\">Conseil et installation<\/h2>\t\t\t\t<\/div>\n\t\t\t\t<\/div>\n\t\t\t\t<div class=\"elementor-element elementor-element-c60b45e elementor-widget elementor-widget-text-editor\" data-id=\"c60b45e\" data-element_type=\"widget\" data-widget_type=\"text-editor.default\">\n\t\t\t\t<div class=\"elementor-widget-container\">\n\t\t\t\t\t\t\t\t\t<div class=\"entry-content\">\n<p>Notre \u00e9quipe de vente qualifi\u00e9e offre des conseils avis\u00e9s et personnalis\u00e9s sur tous les aspects de l&rsquo;\u00e9nergie solaire et de l&rsquo;efficacit\u00e9 \u00e9nerg\u00e9tique. En collaboration avec le client, le produit appropri\u00e9 est s\u00e9lectionn\u00e9 et les conditions pr\u00e9alables \u00e0 une installation optimale sont discut\u00e9es.<\/p>\n<p>Directement sur place, nos \u00e9quipes techniques certifi\u00e9es assurent une installation parfaite. Les clients sont form\u00e9s \u00e0 l&rsquo;utilisation de leur installation solaire. Les d\u00e9fauts sont corrig\u00e9s imm\u00e9diatement et les contrats de maintenance assurent une longue dur\u00e9e de vie aux syst\u00e8mes.<\/p>\n<\/div>\n\t\t\t\t\t\t\t\t<\/div>\n\t\t\t\t<\/div>\n\t\t\t\t\t<\/div>\n\t\t<\/div>\n\t\t\t\t\t<\/div>\n\t\t<\/section>\n\t\t\t\t<\/div>\n\t\t","protected":false},"excerpt":{"rendered":"<p>Qui sommes nous? Bonergie est une entreprise solaire au S\u00e9n\u00e9gal. Nous proposons \u00e0 nos clients des produits solaires adapt\u00e9s \u00e0 une utilisation productive et contribuant ainsi \u00e0 g\u00e9n\u00e9rer des revenus. L&rsquo;entreprise existe depuis 2010 et est dirig\u00e9e par la fondatrice<\/p>\n","protected":false},"author":1,"featured_media":0,"parent":0,"menu_order":0,"comment_status":"closed","ping_status":"closed","template":"","meta":{"footnotes":""},"class_list":["post-1002","page","type-page","status-publish","hentry"],"_links":{"self":[{"href":"https:\/\/bonergie.com\/fr\/wp-json\/wp\/v2\/pages\/1002","targetHints":{"allow":["GET"]}}],"collection":[{"href":"https:\/\/bonergie.com\/fr\/wp-json\/wp\/v2\/pages"}],"about":[{"href":"https:\/\/bonergie.com\/fr\/wp-json\/wp\/v2\/types\/page"}],"author":[{"embeddable":true,"href":"https:\/\/bonergie.com\/fr\/wp-json\/wp\/v2\/users\/1"}],"replies":[{"embeddable":true,"href":"https:\/\/bonergie.com\/fr\/wp-json\/wp\/v2\/comments?post=1002"}],"version-history":[{"count":5,"href":"https:\/\/bonergie.com\/fr\/wp-json\/wp\/v2\/pages\/1002\/revisions"}],"predecessor-version":[{"id":1129,"href":"https:\/\/bonergie.com\/fr\/wp-json\/wp\/v2\/pages\/1002\/revisions\/1129"}],"wp:attachment":[{"href":"https:\/\/bonergie.com\/fr\/wp-json\/wp\/v2\/media?parent=1002"}],"curies":[{"name":"wp","href":"https:\/\/api.w.org\/{rel}","templated":true}]}}